{"id":11,"date":"2025-02-06T09:52:24","date_gmt":"2025-02-06T08:52:24","guid":{"rendered":"https:\/\/vegansfoodtruck.fr\/?page_id=11"},"modified":"2025-04-15T10:22:17","modified_gmt":"2025-04-15T08:22:17","slug":"nos-services","status":"publish","type":"page","link":"https:\/\/vegansfoodtruck.fr\/index.php\/nos-services\/","title":{"rendered":"Nos Services"},"content":{"rendered":"\t\t<div data-elementor-type=\"wp-page\" data-elementor-id=\"11\" class=\"elementor elementor-11\">\n\t\t\t\t<div class=\"elementor-element elementor-element-776c5a7 e-flex e-con-boxed wpr-particle-no wpr-jarallax-no wpr-parallax-no wpr-sticky-section-no e-con e-parent\" data-id=\"776c5a7\" data-element_type=\"container\">\n\t\t\t\t\t<div class=\"e-con-inner\">\n\t\t\t\t<div class=\"elementor-element elementor-element-6b1be23 elementor-widget elementor-widget-heading\" data-id=\"6b1be23\" data-element_type=\"widget\" data-widget_type=\"heading.default\">\n\t\t\t\t<div class=\"elementor-widget-container\">\n\t\t\t\t\t<h1 class=\"elementor-heading-title elementor-size-default\">Service de restauration vegan dans le sud ouest<\/h1>\t\t\t\t<\/div>\n\t\t\t\t<\/div>\n\t\t\t\t\t<\/div>\n\t\t\t\t<\/div>\n\t\t<div class=\"elementor-element elementor-element-69d12da2 e-flex e-con-boxed wpr-particle-no wpr-jarallax-no wpr-parallax-no wpr-sticky-section-no e-con e-parent\" data-id=\"69d12da2\" data-element_type=\"container\">\n\t\t\t\t\t<div class=\"e-con-inner\">\n\t\t<div class=\"elementor-element elementor-element-4dff1239 e-con-full e-flex wpr-particle-no wpr-jarallax-no wpr-parallax-no wpr-sticky-section-no e-con e-child\" data-id=\"4dff1239\" data-element_type=\"container\">\n\t\t\t\t<div class=\"elementor-element elementor-element-432b186e elementor-widget elementor-widget-image\" data-id=\"432b186e\" data-element_type=\"widget\" data-widget_type=\"image.default\">\n\t\t\t\t<div class=\"elementor-widget-container\">\n\t\t\t\t\t\t\t\t\t\t\t\t\t\t\t<img decoding=\"async\" src=\"https:\/\/vegansfoodtruck.fr\/wp-content\/uploads\/2025\/02\/festival-VeganFoodTruck.jpg\" title=\"festival-VeganFoodTruck\" alt=\"festival-VeganFoodTruck\" loading=\"lazy\" \/>\t\t\t\t\t\t\t\t\t\t\t\t\t\t\t<\/div>\n\t\t\t\t<\/div>\n\t\t\t\t<div class=\"elementor-element elementor-element-39f9cbc6 elementor-widget elementor-widget-heading\" data-id=\"39f9cbc6\" data-element_type=\"widget\" data-widget_type=\"heading.default\">\n\t\t\t\t<div class=\"elementor-widget-container\">\n\t\t\t\t\t<h2 class=\"elementor-heading-title elementor-size-default\">Festivals &amp; concerts<\/h2>\t\t\t\t<\/div>\n\t\t\t\t<\/div>\n\t\t\t\t<div class=\"elementor-element elementor-element-05f0da1 elementor-widget elementor-widget-text-editor\" data-id=\"05f0da1\" data-element_type=\"widget\" data-widget_type=\"text-editor.default\">\n\t\t\t\t<div class=\"elementor-widget-container\">\n\t\t\t\t\t\t\t\t\t<p style=\"text-align: center;\">Une\u00a0 cuisine vegan originale et adapt\u00e9e aux attentes des festivaliers<\/p>\t\t\t\t\t\t\t\t<\/div>\n\t\t\t\t<\/div>\n\t\t\t\t<\/div>\n\t\t<div class=\"elementor-element elementor-element-b5fc919 e-con-full e-flex wpr-particle-no wpr-jarallax-no wpr-parallax-no wpr-sticky-section-no e-con e-child\" data-id=\"b5fc919\" data-element_type=\"container\">\n\t\t\t\t<div class=\"elementor-element elementor-element-41679b37 elementor-widget elementor-widget-image\" data-id=\"41679b37\" data-element_type=\"widget\" data-widget_type=\"image.default\">\n\t\t\t\t<div class=\"elementor-widget-container\">\n\t\t\t\t\t\t\t\t\t\t\t\t\t\t\t<img decoding=\"async\" src=\"https:\/\/vegansfoodtruck.fr\/wp-content\/uploads\/2025\/02\/465060724_27709355372011766_6032005845093174813_n-e1740472998220.jpg\" title=\"465060724_27709355372011766_6032005845093174813_n\" alt=\"465060724_27709355372011766_6032005845093174813_n\" loading=\"lazy\" \/>\t\t\t\t\t\t\t\t\t\t\t\t\t\t\t<\/div>\n\t\t\t\t<\/div>\n\t\t\t\t<div class=\"elementor-element elementor-element-5a18369c elementor-widget elementor-widget-heading\" data-id=\"5a18369c\" data-element_type=\"widget\" data-widget_type=\"heading.default\">\n\t\t\t\t<div class=\"elementor-widget-container\">\n\t\t\t\t\t<h2 class=\"elementor-heading-title elementor-size-default\">\u00c9v\u00e9nements culturels<\/h2>\t\t\t\t<\/div>\n\t\t\t\t<\/div>\n\t\t\t\t<div class=\"elementor-element elementor-element-74360011 elementor-widget elementor-widget-text-editor\" data-id=\"74360011\" data-element_type=\"widget\" data-widget_type=\"text-editor.default\">\n\t\t\t\t<div class=\"elementor-widget-container\">\n\t\t\t\t\t\t\t\t\t<p>Une offre de restauration cr\u00e9ative et adapt\u00e9e \u00e0 tous les publics<\/p>\t\t\t\t\t\t\t\t<\/div>\n\t\t\t\t<\/div>\n\t\t\t\t<\/div>\n\t\t<div class=\"elementor-element elementor-element-3f789015 e-con-full e-flex wpr-particle-no wpr-jarallax-no wpr-parallax-no wpr-sticky-section-no e-con e-child\" data-id=\"3f789015\" data-element_type=\"container\">\n\t\t\t\t<div class=\"elementor-element elementor-element-2055ebbd elementor-widget elementor-widget-image\" data-id=\"2055ebbd\" data-element_type=\"widget\" data-widget_type=\"image.default\">\n\t\t\t\t<div class=\"elementor-widget-container\">\n\t\t\t\t\t\t\t\t\t\t\t\t\t\t\t<img fetchpriority=\"high\" decoding=\"async\" width=\"800\" height=\"450\" src=\"https:\/\/vegansfoodtruck.fr\/wp-content\/uploads\/2025\/02\/465455632_27747536381526998_7021406031796270023_n-1024x576.jpg\" class=\"attachment-large size-large wp-image-253\" alt=\"\" srcset=\"https:\/\/vegansfoodtruck.fr\/wp-content\/uploads\/2025\/02\/465455632_27747536381526998_7021406031796270023_n-1024x576.jpg 1024w, https:\/\/vegansfoodtruck.fr\/wp-content\/uploads\/2025\/02\/465455632_27747536381526998_7021406031796270023_n-300x169.jpg 300w, https:\/\/vegansfoodtruck.fr\/wp-content\/uploads\/2025\/02\/465455632_27747536381526998_7021406031796270023_n-768x432.jpg 768w, https:\/\/vegansfoodtruck.fr\/wp-content\/uploads\/2025\/02\/465455632_27747536381526998_7021406031796270023_n.jpg 1440w\" sizes=\"(max-width: 800px) 100vw, 800px\" \/>\t\t\t\t\t\t\t\t\t\t\t\t\t\t\t<\/div>\n\t\t\t\t<\/div>\n\t\t\t\t<div class=\"elementor-element elementor-element-2ea6b35e elementor-widget elementor-widget-heading\" data-id=\"2ea6b35e\" data-element_type=\"widget\" data-widget_type=\"heading.default\">\n\t\t\t\t<div class=\"elementor-widget-container\">\n\t\t\t\t\t<h2 class=\"elementor-heading-title elementor-size-default\">Salons  professionnels<\/h2>\t\t\t\t<\/div>\n\t\t\t\t<\/div>\n\t\t\t\t<div class=\"elementor-element elementor-element-f2f878d elementor-widget elementor-widget-text-editor\" data-id=\"f2f878d\" data-element_type=\"widget\" data-widget_type=\"text-editor.default\">\n\t\t\t\t<div class=\"elementor-widget-container\">\n\t\t\t\t\t\t\t\t\t<p data-start=\"544\" data-end=\"827\">S\u00e9minaires, salons et repas d\u2019entreprise, une offre sur-mesure<\/p><p data-start=\"829\" data-end=\"951\">\u00a0<\/p>\t\t\t\t\t\t\t\t<\/div>\n\t\t\t\t<\/div>\n\t\t\t\t<\/div>\n\t\t\t\t\t<\/div>\n\t\t\t\t<\/div>\n\t\t<div class=\"elementor-element elementor-element-b91e504 e-flex e-con-boxed wpr-particle-no wpr-jarallax-no wpr-parallax-no wpr-sticky-section-no e-con e-parent\" data-id=\"b91e504\" data-element_type=\"container\">\n\t\t\t\t\t<div class=\"e-con-inner\">\n\t\t<div class=\"elementor-element elementor-element-8fc4997 e-con-full e-flex wpr-particle-no wpr-jarallax-no wpr-parallax-no wpr-sticky-section-no e-con e-child\" data-id=\"8fc4997\" data-element_type=\"container\">\n\t\t\t\t<div class=\"elementor-element elementor-element-36d69df elementor-widget elementor-widget-image\" data-id=\"36d69df\" data-element_type=\"widget\" data-widget_type=\"image.default\">\n\t\t\t\t<div class=\"elementor-widget-container\">\n\t\t\t\t\t\t\t\t\t\t\t\t\t\t\t<img decoding=\"async\" src=\"https:\/\/vegansfoodtruck.fr\/wp-content\/uploads\/2025\/02\/festival-VeganFoodTruck.jpg\" title=\"festival-VeganFoodTruck\" alt=\"festival-VeganFoodTruck\" loading=\"lazy\" \/>\t\t\t\t\t\t\t\t\t\t\t\t\t\t\t<\/div>\n\t\t\t\t<\/div>\n\t\t\t\t<\/div>\n\t\t<div class=\"elementor-element elementor-element-fd15d80 e-con-full e-flex wpr-particle-no wpr-jarallax-no wpr-parallax-no wpr-sticky-section-no e-con e-child\" data-id=\"fd15d80\" data-element_type=\"container\">\n\t\t\t\t<div class=\"elementor-element elementor-element-50f9b730 elementor-widget elementor-widget-text-editor\" data-id=\"50f9b730\" data-element_type=\"widget\" data-widget_type=\"text-editor.default\">\n\t\t\t\t<div class=\"elementor-widget-container\">\n\t\t\t\t\t\t\t\t\t<p data-start=\"88\" data-end=\"383\"><span data-start=\"88\" data-end=\"115\">On r\u00e9gale la foule avec <b>notre service de restauration vegan<\/b> dans le sud ouest. Ici<\/span>\u00a0la street food vegan qui met tout le monde d\u2019accord : savoureuse, rapide et servie avec le smile. Bowls de falafels, wraps, tapas\u2026 des recettes maison, gourmandes et color\u00e9es, parfaites pour recharger les batteries entre deux concerts.<\/p><p data-start=\"385\" data-end=\"542\">Gr\u00e2ce \u00e0 une organisation au top, on assure un service fluide, m\u00eame quand la foule afflue. Du bon son, du bon go\u00fbt, et z\u00e9ro compromis \u2013 pr\u00eat \u00e0 d\u00e9guster ?\u00a0<\/p>\t\t\t\t\t\t\t\t<\/div>\n\t\t\t\t<\/div>\n\t\t\t\t<\/div>\n\t\t<div class=\"elementor-element elementor-element-fc5acfd e-con-full e-flex wpr-particle-no wpr-jarallax-no wpr-parallax-no wpr-sticky-section-no e-con e-child\" data-id=\"fc5acfd\" data-element_type=\"container\">\n\t\t\t\t<div class=\"elementor-element elementor-element-46fc247 elementor-widget elementor-widget-text-editor\" data-id=\"46fc247\" data-element_type=\"widget\" data-widget_type=\"text-editor.default\">\n\t\t\t\t<div class=\"elementor-widget-container\">\n\t\t\t\t\t\t\t\t\t<p data-start=\"182\" data-end=\"485\">Nous apportons une touche v\u00e9gale, roborative et joyeuse \u00e0 vos \u00e9v\u00e9nements festifs et culturels. Plus qu\u2019un simple food truck, nous faisons le show entre les spectacles avec notre cuisine bien chor\u00e9graphi\u00e9e et notre troupe de joyeux cuisiniers, toujours pr\u00eats \u00e0 vous faire sourire.<\/p><p data-start=\"487\" data-end=\"708\"><img decoding=\"async\" class=\"emoji\" role=\"img\" draggable=\"false\" src=\"https:\/\/s.w.org\/images\/core\/emoji\/15.0.3\/svg\/1f389.svg\" alt=\"\ud83c\udf89\" \/> <strong data-start=\"490\" data-end=\"516\">Un spectacle culinaire<\/strong> : Des plats vegan savoureux pr\u00e9par\u00e9s avec \u00e9nergie et bonne humeur<br data-start=\"582\" data-end=\"585\" \/><img decoding=\"async\" class=\"emoji\" role=\"img\" draggable=\"false\" src=\"https:\/\/s.w.org\/images\/core\/emoji\/15.0.3\/svg\/1f3ad.svg\" alt=\"\ud83c\udfad\" \/> <strong data-start=\"588\" data-end=\"618\">Une ambiance bienveillante<\/strong> : Les visiteurs restent plong\u00e9s dans un esprit convivial et attentif \u00e0 toutes les faims<\/p><p data-start=\"710\" data-end=\"858\">Que ce soit pour un festival, un concert ou un \u00e9v\u00e9nement culturel, nous transformons chaque pause gourmande en un moment de convivialit\u00e9 et de plaisir.<\/p>\t\t\t\t\t\t\t\t<\/div>\n\t\t\t\t<\/div>\n\t\t\t\t<\/div>\n\t\t<div class=\"elementor-element elementor-element-f6dd41a e-con-full e-flex wpr-particle-no wpr-jarallax-no wpr-parallax-no wpr-sticky-section-no e-con e-child\" data-id=\"f6dd41a\" data-element_type=\"container\">\n\t\t\t\t<div class=\"elementor-element elementor-element-8fb9f50 elementor-widget elementor-widget-image\" data-id=\"8fb9f50\" data-element_type=\"widget\" data-widget_type=\"image.default\">\n\t\t\t\t<div class=\"elementor-widget-container\">\n\t\t\t\t\t\t\t\t\t\t\t\t\t\t\t<img decoding=\"async\" src=\"https:\/\/vegansfoodtruck.fr\/wp-content\/uploads\/2025\/02\/465060724_27709355372011766_6032005845093174813_n-e1740472998220.jpg\" title=\"465060724_27709355372011766_6032005845093174813_n\" alt=\"465060724_27709355372011766_6032005845093174813_n\" loading=\"lazy\" \/>\t\t\t\t\t\t\t\t\t\t\t\t\t\t\t<\/div>\n\t\t\t\t<\/div>\n\t\t\t\t<\/div>\n\t\t\t\t\t<\/div>\n\t\t\t\t<\/div>\n\t\t<div class=\"elementor-element elementor-element-30af5f9 e-flex e-con-boxed wpr-particle-no wpr-jarallax-no wpr-parallax-no wpr-sticky-section-no e-con e-parent\" data-id=\"30af5f9\" data-element_type=\"container\">\n\t\t\t\t\t<div class=\"e-con-inner\">\n\t\t<div class=\"elementor-element elementor-element-58cf2af e-con-full e-flex wpr-particle-no wpr-jarallax-no wpr-parallax-no wpr-sticky-section-no e-con e-child\" data-id=\"58cf2af\" data-element_type=\"container\">\n\t\t\t\t<div class=\"elementor-element elementor-element-6862896 elementor-widget elementor-widget-image\" data-id=\"6862896\" data-element_type=\"widget\" data-widget_type=\"image.default\">\n\t\t\t\t<div class=\"elementor-widget-container\">\n\t\t\t\t\t\t\t\t\t\t\t\t\t\t\t<img decoding=\"async\" src=\"https:\/\/vegansfoodtruck.fr\/wp-content\/uploads\/2025\/02\/465455632_27747536381526998_7021406031796270023_n.jpg\" title=\"465455632_27747536381526998_7021406031796270023_n\" alt=\"465455632_27747536381526998_7021406031796270023_n\" loading=\"lazy\" \/>\t\t\t\t\t\t\t\t\t\t\t\t\t\t\t<\/div>\n\t\t\t\t<\/div>\n\t\t\t\t<\/div>\n\t\t<div class=\"elementor-element elementor-element-93c520c e-con-full e-flex wpr-particle-no wpr-jarallax-no wpr-parallax-no wpr-sticky-section-no e-con e-child\" data-id=\"93c520c\" data-element_type=\"container\">\n\t\t\t\t<div class=\"elementor-element elementor-element-84ce60b elementor-widget elementor-widget-text-editor\" data-id=\"84ce60b\" data-element_type=\"widget\" data-widget_type=\"text-editor.default\">\n\t\t\t\t<div class=\"elementor-widget-container\">\n\t\t\t\t\t\t\t\t\t<p data-start=\"55\" data-end=\"352\">Offrez \u00e0 vos visiteurs et collaborateurs une pause r\u00e9confortente et chaleureuse pendant vos salons professionnels. Notre food truck vegan apporte une touche conviviale \u00e0 votre \u00e9v\u00e9nement, avec une cuisine bio, locale et ecoresponsable parfaitement adapt\u00e9e pour un brunch, un d\u00e9jeuner, un go\u00fbter ou un d\u00eener.<\/p><p data-start=\"354\" data-end=\"428\">\ud83d\udc49 <strong data-start=\"357\" data-end=\"426\">Une exp\u00e9rience culinaire qui allie plaisir, \u00e9nergie et bien-\u00eatre.<\/strong><\/p><p data-start=\"430\" data-end=\"492\" data-is-last-node=\"\" data-is-only-node=\"\">Contactez-nous pour ajouter un moment gourmand \u00e0 votre salon !<\/p>\t\t\t\t\t\t\t\t<\/div>\n\t\t\t\t<\/div>\n\t\t\t\t<div class=\"elementor-element elementor-element-3507fd2 elementor-widget elementor-widget-button\" data-id=\"3507fd2\" data-element_type=\"widget\" data-widget_type=\"button.default\">\n\t\t\t\t<div class=\"elementor-widget-container\">\n\t\t\t\t\t\t\t\t\t<div class=\"elementor-button-wrapper\">\n\t\t\t\t\t<a class=\"elementor-button elementor-button-link elementor-size-sm\" href=\"https:\/\/vegansfoodtruck.fr\/index.php\/contact\/\">\n\t\t\t\t\t\t<span class=\"elementor-button-content-wrapper\">\n\t\t\t\t\t\t\t\t\t<span class=\"elementor-button-text\">Cliquez ici<\/span>\n\t\t\t\t\t<\/span>\n\t\t\t\t\t<\/a>\n\t\t\t\t<\/div>\n\t\t\t\t\t\t\t\t<\/div>\n\t\t\t\t<\/div>\n\t\t\t\t<\/div>\n\t\t\t\t\t<\/div>\n\t\t\t\t<\/div>\n\t\t\t\t<\/div>\n\t\t","protected":false},"excerpt":{"rendered":"<p>Service de restauration vegan dans le sud ouest Festivals &#038; concerts Une\u00a0 cuisine vegan originale et adapt\u00e9e aux attentes des festivaliers \u00c9v\u00e9nements culturels Une offre de restauration cr\u00e9ative et adapt\u00e9e \u00e0 tous les publics Salons professionnels S\u00e9minaires, salons et repas d\u2019entreprise, une offre sur-mesure \u00a0 On r\u00e9gale la foule avec notre service de restauration vegan dans le sud ouest. Ici\u00a0la street food vegan qui met tout le monde d\u2019accord : savoureuse, rapide et servie avec le smile. Bowls de falafels, wraps, tapas\u2026 des recettes maison, gourmandes et color\u00e9es, parfaites pour recharger les batteries entre deux concerts. Gr\u00e2ce \u00e0 une organisation au top, on assure un service fluide, m\u00eame quand la foule afflue. Du bon son, du bon go\u00fbt, et z\u00e9ro compromis \u2013 pr\u00eat \u00e0 d\u00e9guster ?\u00a0 Nous apportons une touche v\u00e9gale, roborative et joyeuse \u00e0 vos \u00e9v\u00e9nements festifs et culturels. Plus qu\u2019un simple food truck, nous faisons le show entre les spectacles avec notre cuisine bien chor\u00e9graphi\u00e9e et notre troupe de joyeux cuisiniers, toujours pr\u00eats \u00e0 vous faire sourire. Un spectacle culinaire : Des plats vegan savoureux pr\u00e9par\u00e9s avec \u00e9nergie et bonne humeur Une ambiance bienveillante : Les visiteurs restent plong\u00e9s dans un esprit convivial et attentif \u00e0 toutes les faims Que ce soit pour un festival, un concert ou un \u00e9v\u00e9nement culturel, nous transformons chaque pause gourmande en un moment de convivialit\u00e9 et de plaisir. Offrez \u00e0 vos visiteurs et collaborateurs une pause r\u00e9confortente et chaleureuse pendant vos salons professionnels. Notre food truck vegan apporte une touche conviviale \u00e0 votre \u00e9v\u00e9nement, avec une cuisine bio, locale et ecoresponsable parfaitement adapt\u00e9e pour un brunch, un d\u00e9jeuner, un go\u00fbter ou un d\u00eener. \ud83d\udc49 Une exp\u00e9rience culinaire qui allie plaisir, \u00e9nergie et bien-\u00eatre. Contactez-nous pour ajouter un moment gourmand \u00e0 votre salon ! Cliquez ici<\/p>\n","protected":false},"author":1,"featured_media":0,"parent":0,"menu_order":0,"comment_status":"closed","ping_status":"closed","template":"elementor_canvas","meta":{"footnotes":""},"class_list":["post-11","page","type-page","status-publish","hentry"],"yoast_head":"<!-- This site is optimized with the Yoast SEO plugin v26.4 - https:\/\/yoast.com\/wordpress\/plugins\/seo\/ -->\n<title>Service de restauration vegan Food truck \u00e9v\u00e9nements et festival<\/title>\n<meta name=\"description\" content=\"D\u00e9couvrez notre service de restauration vegan : une cuisine 100% v\u00e9g\u00e9tale, bio et locale pour vos \u00e9v\u00e9nements.\" \/>\n<meta name=\"robots\" content=\"index, follow, max-snippet:-1, max-image-preview:large, max-video-preview:-1\" \/>\n<link rel=\"canonical\" href=\"https:\/\/vegansfoodtruck.fr\/index.php\/nos-services\/\" \/>\n<meta property=\"og:locale\" content=\"en_US\" \/>\n<meta property=\"og:type\" content=\"article\" \/>\n<meta property=\"og:title\" content=\"Service de restauration vegan Food truck \u00e9v\u00e9nements et festival\" \/>\n<meta property=\"og:description\" content=\"D\u00e9couvrez notre service de restauration vegan : une cuisine 100% v\u00e9g\u00e9tale, bio et locale pour vos \u00e9v\u00e9nements.\" \/>\n<meta property=\"og:url\" content=\"https:\/\/vegansfoodtruck.fr\/index.php\/nos-services\/\" \/>\n<meta property=\"og:site_name\" content=\"WordPress\" \/>\n<meta property=\"article:modified_time\" content=\"2025-04-15T08:22:17+00:00\" \/>\n<meta property=\"og:image\" content=\"http:\/\/vegansfoodtruck.fr\/wp-content\/uploads\/2025\/02\/festival-VeganFoodTruck.jpg\" \/>\n<meta name=\"twitter:card\" content=\"summary_large_image\" \/>\n<meta name=\"twitter:label1\" content=\"Est. reading time\" \/>\n\t<meta name=\"twitter:data1\" content=\"3 minutes\" \/>\n<script type=\"application\/ld+json\" class=\"yoast-schema-graph\">{\"@context\":\"https:\/\/schema.org\",\"@graph\":[{\"@type\":\"WebPage\",\"@id\":\"https:\/\/vegansfoodtruck.fr\/index.php\/nos-services\/\",\"url\":\"https:\/\/vegansfoodtruck.fr\/index.php\/nos-services\/\",\"name\":\"Service de restauration vegan Food truck \u00e9v\u00e9nements et festival\",\"isPartOf\":{\"@id\":\"https:\/\/vegansfoodtruck.fr\/#website\"},\"primaryImageOfPage\":{\"@id\":\"https:\/\/vegansfoodtruck.fr\/index.php\/nos-services\/#primaryimage\"},\"image\":{\"@id\":\"https:\/\/vegansfoodtruck.fr\/index.php\/nos-services\/#primaryimage\"},\"thumbnailUrl\":\"http:\/\/vegansfoodtruck.fr\/wp-content\/uploads\/2025\/02\/festival-VeganFoodTruck.jpg\",\"datePublished\":\"2025-02-06T08:52:24+00:00\",\"dateModified\":\"2025-04-15T08:22:17+00:00\",\"description\":\"D\u00e9couvrez notre service de restauration vegan : une cuisine 100% v\u00e9g\u00e9tale, bio et locale pour vos \u00e9v\u00e9nements.\",\"breadcrumb\":{\"@id\":\"https:\/\/vegansfoodtruck.fr\/index.php\/nos-services\/#breadcrumb\"},\"inLanguage\":\"en-US\",\"potentialAction\":[{\"@type\":\"ReadAction\",\"target\":[\"https:\/\/vegansfoodtruck.fr\/index.php\/nos-services\/\"]}]},{\"@type\":\"ImageObject\",\"inLanguage\":\"en-US\",\"@id\":\"https:\/\/vegansfoodtruck.fr\/index.php\/nos-services\/#primaryimage\",\"url\":\"https:\/\/vegansfoodtruck.fr\/wp-content\/uploads\/2025\/02\/festival-VeganFoodTruck.jpg\",\"contentUrl\":\"https:\/\/vegansfoodtruck.fr\/wp-content\/uploads\/2025\/02\/festival-VeganFoodTruck.jpg\",\"width\":1920,\"height\":1079},{\"@type\":\"BreadcrumbList\",\"@id\":\"https:\/\/vegansfoodtruck.fr\/index.php\/nos-services\/#breadcrumb\",\"itemListElement\":[{\"@type\":\"ListItem\",\"position\":1,\"name\":\"Accueil\",\"item\":\"https:\/\/vegansfoodtruck.fr\/\"},{\"@type\":\"ListItem\",\"position\":2,\"name\":\"Nos Services\"}]},{\"@type\":\"WebSite\",\"@id\":\"https:\/\/vegansfoodtruck.fr\/#website\",\"url\":\"https:\/\/vegansfoodtruck.fr\/\",\"name\":\"WordPress\",\"description\":\"Un site utilisant WordPress\",\"potentialAction\":[{\"@type\":\"SearchAction\",\"target\":{\"@type\":\"EntryPoint\",\"urlTemplate\":\"https:\/\/vegansfoodtruck.fr\/?s={search_term_string}\"},\"query-input\":{\"@type\":\"PropertyValueSpecification\",\"valueRequired\":true,\"valueName\":\"search_term_string\"}}],\"inLanguage\":\"en-US\"}]}<\/script>\n<!-- \/ Yoast SEO plugin. -->","yoast_head_json":{"title":"Service de restauration vegan Food truck \u00e9v\u00e9nements et festival","description":"D\u00e9couvrez notre service de restauration vegan : une cuisine 100% v\u00e9g\u00e9tale, bio et locale pour vos \u00e9v\u00e9nements.","robots":{"index":"index","follow":"follow","max-snippet":"max-snippet:-1","max-image-preview":"max-image-preview:large","max-video-preview":"max-video-preview:-1"},"canonical":"https:\/\/vegansfoodtruck.fr\/index.php\/nos-services\/","og_locale":"en_US","og_type":"article","og_title":"Service de restauration vegan Food truck \u00e9v\u00e9nements et festival","og_description":"D\u00e9couvrez notre service de restauration vegan : une cuisine 100% v\u00e9g\u00e9tale, bio et locale pour vos \u00e9v\u00e9nements.","og_url":"https:\/\/vegansfoodtruck.fr\/index.php\/nos-services\/","og_site_name":"WordPress","article_modified_time":"2025-04-15T08:22:17+00:00","og_image":[{"url":"http:\/\/vegansfoodtruck.fr\/wp-content\/uploads\/2025\/02\/festival-VeganFoodTruck.jpg","type":"","width":"","height":""}],"twitter_card":"summary_large_image","twitter_misc":{"Est. reading time":"3 minutes"},"schema":{"@context":"https:\/\/schema.org","@graph":[{"@type":"WebPage","@id":"https:\/\/vegansfoodtruck.fr\/index.php\/nos-services\/","url":"https:\/\/vegansfoodtruck.fr\/index.php\/nos-services\/","name":"Service de restauration vegan Food truck \u00e9v\u00e9nements et festival","isPartOf":{"@id":"https:\/\/vegansfoodtruck.fr\/#website"},"primaryImageOfPage":{"@id":"https:\/\/vegansfoodtruck.fr\/index.php\/nos-services\/#primaryimage"},"image":{"@id":"https:\/\/vegansfoodtruck.fr\/index.php\/nos-services\/#primaryimage"},"thumbnailUrl":"http:\/\/vegansfoodtruck.fr\/wp-content\/uploads\/2025\/02\/festival-VeganFoodTruck.jpg","datePublished":"2025-02-06T08:52:24+00:00","dateModified":"2025-04-15T08:22:17+00:00","description":"D\u00e9couvrez notre service de restauration vegan : une cuisine 100% v\u00e9g\u00e9tale, bio et locale pour vos \u00e9v\u00e9nements.","breadcrumb":{"@id":"https:\/\/vegansfoodtruck.fr\/index.php\/nos-services\/#breadcrumb"},"inLanguage":"en-US","potentialAction":[{"@type":"ReadAction","target":["https:\/\/vegansfoodtruck.fr\/index.php\/nos-services\/"]}]},{"@type":"ImageObject","inLanguage":"en-US","@id":"https:\/\/vegansfoodtruck.fr\/index.php\/nos-services\/#primaryimage","url":"https:\/\/vegansfoodtruck.fr\/wp-content\/uploads\/2025\/02\/festival-VeganFoodTruck.jpg","contentUrl":"https:\/\/vegansfoodtruck.fr\/wp-content\/uploads\/2025\/02\/festival-VeganFoodTruck.jpg","width":1920,"height":1079},{"@type":"BreadcrumbList","@id":"https:\/\/vegansfoodtruck.fr\/index.php\/nos-services\/#breadcrumb","itemListElement":[{"@type":"ListItem","position":1,"name":"Accueil","item":"https:\/\/vegansfoodtruck.fr\/"},{"@type":"ListItem","position":2,"name":"Nos Services"}]},{"@type":"WebSite","@id":"https:\/\/vegansfoodtruck.fr\/#website","url":"https:\/\/vegansfoodtruck.fr\/","name":"WordPress","description":"Un site utilisant WordPress","potentialAction":[{"@type":"SearchAction","target":{"@type":"EntryPoint","urlTemplate":"https:\/\/vegansfoodtruck.fr\/?s={search_term_string}"},"query-input":{"@type":"PropertyValueSpecification","valueRequired":true,"valueName":"search_term_string"}}],"inLanguage":"en-US"}]}},"_links":{"self":[{"href":"https:\/\/vegansfoodtruck.fr\/index.php\/wp-json\/wp\/v2\/pages\/11","targetHints":{"allow":["GET"]}}],"collection":[{"href":"https:\/\/vegansfoodtruck.fr\/index.php\/wp-json\/wp\/v2\/pages"}],"about":[{"href":"https:\/\/vegansfoodtruck.fr\/index.php\/wp-json\/wp\/v2\/types\/page"}],"author":[{"embeddable":true,"href":"https:\/\/vegansfoodtruck.fr\/index.php\/wp-json\/wp\/v2\/users\/1"}],"replies":[{"embeddable":true,"href":"https:\/\/vegansfoodtruck.fr\/index.php\/wp-json\/wp\/v2\/comments?post=11"}],"version-history":[{"count":37,"href":"https:\/\/vegansfoodtruck.fr\/index.php\/wp-json\/wp\/v2\/pages\/11\/revisions"}],"predecessor-version":[{"id":579,"href":"https:\/\/vegansfoodtruck.fr\/index.php\/wp-json\/wp\/v2\/pages\/11\/revisions\/579"}],"wp:attachment":[{"href":"https:\/\/vegansfoodtruck.fr\/index.php\/wp-json\/wp\/v2\/media?parent=11"}],"curies":[{"name":"wp","href":"https:\/\/api.w.org\/{rel}","templated":true}]}}