{"id":15,"date":"2025-02-06T09:51:08","date_gmt":"2025-02-06T08:51:08","guid":{"rendered":"https:\/\/vegansfoodtruck.fr\/?page_id=15"},"modified":"2025-03-25T10:50:55","modified_gmt":"2025-03-25T09:50:55","slug":"contact","status":"publish","type":"page","link":"https:\/\/vegansfoodtruck.fr\/index.php\/contact\/","title":{"rendered":"Contact"},"content":{"rendered":"\t\t<div data-elementor-type=\"wp-page\" data-elementor-id=\"15\" class=\"elementor elementor-15\">\n\t\t\t\t<div class=\"elementor-element elementor-element-881aa97 e-flex e-con-boxed wpr-particle-no wpr-jarallax-no wpr-parallax-no wpr-sticky-section-no e-con e-parent\" data-id=\"881aa97\" data-element_type=\"container\">\n\t\t\t\t\t<div class=\"e-con-inner\">\n\t\t\t\t<div class=\"elementor-element elementor-element-44517a8 elementor-widget elementor-widget-heading\" data-id=\"44517a8\" data-element_type=\"widget\" data-widget_type=\"heading.default\">\n\t\t\t\t<div class=\"elementor-widget-container\">\n\t\t\t\t\t<h2 class=\"elementor-heading-title elementor-size-default\">CONTACTER VEGAN'S FOOD TRUCK<\/h2>\t\t\t\t<\/div>\n\t\t\t\t<\/div>\n\t\t\t\t<div class=\"elementor-element elementor-element-e5dec93 elementor-widget elementor-widget-text-editor\" data-id=\"e5dec93\" data-element_type=\"widget\" data-widget_type=\"text-editor.default\">\n\t\t\t\t<div class=\"elementor-widget-container\">\n\t\t\t\t\t\t\t\t\t<p>N\u2019h\u00e9sitez pas \u00e0 nous adresser vos demandes gr\u00e2ce \u00e0 ce formulaire de contact.<\/p><p>\u00a0Nous vous r\u00e9pondrons dans les meilleurs d\u00e9lais.<\/p>\t\t\t\t\t\t\t\t<\/div>\n\t\t\t\t<\/div>\n\t\t\t\t\t<\/div>\n\t\t\t\t<\/div>\n\t\t<div class=\"elementor-element elementor-element-3ab4925 e-flex e-con-boxed wpr-particle-no wpr-jarallax-no wpr-parallax-no wpr-sticky-section-no e-con e-parent\" data-id=\"3ab4925\" data-element_type=\"container\">\n\t\t\t\t\t<div class=\"e-con-inner\">\n\t\t<div class=\"elementor-element elementor-element-bc9f702 e-con-full e-flex wpr-particle-no wpr-jarallax-no wpr-parallax-no wpr-sticky-section-no e-con e-child\" data-id=\"bc9f702\" data-element_type=\"container\">\n\t\t\t\t<div class=\"elementor-element elementor-element-0d42ac4 wpr-step-type-number_text wpr-step-content-layout-vertical wpr-custom-styles-yes elementor-widget elementor-widget-wpr-form-builder\" data-id=\"0d42ac4\" data-element_type=\"widget\" data-settings=\"{&quot;success_message&quot;:&quot;Submission successful&quot;,&quot;error_message&quot;:&quot;Submission failed&quot;,&quot;button_width&quot;:{&quot;unit&quot;:&quot;%&quot;,&quot;size&quot;:100,&quot;sizes&quot;:[]},&quot;button_width_tablet&quot;:{&quot;unit&quot;:&quot;px&quot;,&quot;size&quot;:&quot;&quot;,&quot;sizes&quot;:[]},&quot;button_width_mobile&quot;:{&quot;unit&quot;:&quot;px&quot;,&quot;size&quot;:&quot;&quot;,&quot;sizes&quot;:[]},&quot;step_type&quot;:&quot;number_text&quot;,&quot;step_content_layout&quot;:&quot;vertical&quot;}\" data-widget_type=\"wpr-form-builder.default\">\n\t\t\t\t<div class=\"elementor-widget-container\">\n\t\t\t\t\t\t\t<form class=\"wpr-form\" method=\"post\" name=\"New Form\" page=\"Contact\" page_id=\"15\" novalidate>\n\t\t\t<input type=\"hidden\" name=\"post_id\" value=\"15\"\/>\n\t\t\t<input type=\"hidden\" name=\"form_id\" value=\"0d42ac4\"\/>\n\t\t\t<input type=\"hidden\" name=\"referer_title\" value=\"WordPress\" \/>\n\n\t\t\t<div class=\"wpr-step-wrap\"><\/div>\n\t\t\t<div class=\"wpr-form-fields-wrap wpr-labels-above\">\n\t\t\t\t\t\t\t\t\t<div class=\"wpr-form-field-type-text wpr-field-group wpr-column wpr-field-group-nom elementor-repeater-item-b95728f\">\n\t\t\t\t\t\t\t\t\t\t\t\t\t\t<label for=\"form-field-nom\" class=\"wpr-form-field-label\">\n\t\t\t\t\t\t\t\t\tNom\t\t\t\t\t\t\t\t<\/label>\n\t\t\t\t\t\t\t<input size=\"1 \"type=\"text\" name=\"form_fields[nom]\" id=\"form-field-nom\" class=\"wpr-form-field  wpr-form-field-textual\" placeholder=\"Nom\">\t\t\t\t\t<\/div>\n\t\t\t\t\t\t\t\t\t<div class=\"wpr-form-field-type-email wpr-field-group wpr-column wpr-field-group-email elementor-repeater-item-da6f18d wpr-form-field-required\">\n\t\t\t\t\t\t\t\t\t\t\t\t\t\t<label for=\"form-field-email\" class=\"wpr-form-field-label\">\n\t\t\t\t\t\t\t\t\tEmail\t\t\t\t\t\t\t\t<\/label>\n\t\t\t\t\t\t\t<input size=\"1 \"type=\"email\" name=\"form_fields[email]\" id=\"form-field-email\" class=\"wpr-form-field  wpr-form-field-textual\" placeholder=\"Email\" required=\"required\" aria-required=\"true\">\t\t\t\t\t<\/div>\n\t\t\t\t\t\t\t\t\t<div class=\"wpr-form-field-type-textarea wpr-field-group wpr-column wpr-field-group-message elementor-repeater-item-bc578fb\">\n\t\t\t\t\t\t\t\t\t\t\t\t\t\t<label for=\"form-field-message\" class=\"wpr-form-field-label\">\n\t\t\t\t\t\t\t\t\tMessage\t\t\t\t\t\t\t\t<\/label>\n\t\t\t\t\t\t\t<textarea class=\"wpr-form-field-textual wpr-form-field \" name=\"form_fields[message]\" id=\"form-field-message\" rows=\"7\" placeholder=\"Message\"><\/textarea>\t\t\t\t\t<\/div>\n\t\t\t\t<div class=\"wpr-field-group wpr-stp-btns-wrap wpr-column wpr-form-field-type-submit\" data-actions=\"[&quot;email&quot;]\" data-redirect-url=\"\" data-mailchimp-fields=\"{&quot;email_field&quot;:&quot;&quot;,&quot;first_name_field&quot;:&quot;&quot;,&quot;last_name_field&quot;:&quot;&quot;,&quot;address_field&quot;:&quot;&quot;,&quot;phone_field&quot;:&quot;&quot;,&quot;birthday_field&quot;:&quot;&quot;,&quot;group_id&quot;:&quot;&quot;}\" data-list-id=\"\">\t\t\t<button type=\"submit\" class=\"wpr-button\">\n\t\t\t\t<span >\n\t\t\t\t\t\t\t\t\t\t\t\t\t\t\t\t<span>ENVOYER<\/span>\n\t\t\t\t\t\t\t\t\t\t\t\t\t\t<\/span>\t\n\t\t\t\t<div class=\"wpr-double-bounce wpr-loader-hidden\">\n\t\t\t\t\t<div class=\"wpr-child wpr-double-bounce1\"><\/div>\n\t\t\t\t\t<div class=\"wpr-child wpr-double-bounce2\"><\/div>\n\t\t\t\t<\/div>\n\t\t\t<\/button>\n\t\t<\/div>\t\t\t\t\n\t\t\t<\/div>\n\t\t<\/form>\n\t  \t\t\t\t<\/div>\n\t\t\t\t<\/div>\n\t\t\t\t<\/div>\n\t\t<div class=\"elementor-element elementor-element-76673fe e-con-full e-flex wpr-particle-no wpr-jarallax-no wpr-parallax-no wpr-sticky-section-no e-con e-child\" data-id=\"76673fe\" data-element_type=\"container\">\n\t\t\t\t<div class=\"elementor-element elementor-element-7094dc5 elementor-widget elementor-widget-image\" data-id=\"7094dc5\" data-element_type=\"widget\" data-widget_type=\"image.default\">\n\t\t\t\t<div class=\"elementor-widget-container\">\n\t\t\t\t\t\t\t\t\t\t\t\t\t\t\t<img fetchpriority=\"high\" decoding=\"async\" width=\"1435\" height=\"2560\" src=\"https:\/\/vegansfoodtruck.fr\/wp-content\/uploads\/2025\/03\/view-delicious-shawarma-dish-scaled.jpg\" class=\"attachment-full size-full wp-image-541\" alt=\"\" srcset=\"https:\/\/vegansfoodtruck.fr\/wp-content\/uploads\/2025\/03\/view-delicious-shawarma-dish-scaled.jpg 1435w, https:\/\/vegansfoodtruck.fr\/wp-content\/uploads\/2025\/03\/view-delicious-shawarma-dish-168x300.jpg 168w, https:\/\/vegansfoodtruck.fr\/wp-content\/uploads\/2025\/03\/view-delicious-shawarma-dish-574x1024.jpg 574w, https:\/\/vegansfoodtruck.fr\/wp-content\/uploads\/2025\/03\/view-delicious-shawarma-dish-768x1370.jpg 768w, https:\/\/vegansfoodtruck.fr\/wp-content\/uploads\/2025\/03\/view-delicious-shawarma-dish-861x1536.jpg 861w, https:\/\/vegansfoodtruck.fr\/wp-content\/uploads\/2025\/03\/view-delicious-shawarma-dish-1148x2048.jpg 1148w\" sizes=\"(max-width: 1435px) 100vw, 1435px\" \/>\t\t\t\t\t\t\t\t\t\t\t\t\t\t\t<\/div>\n\t\t\t\t<\/div>\n\t\t\t\t<\/div>\n\t\t\t\t\t<\/div>\n\t\t\t\t<\/div>\n\t\t\t\t<\/div>\n\t\t","protected":false},"excerpt":{"rendered":"<p>CONTACTER VEGAN&#8217;S FOOD TRUCK N\u2019h\u00e9sitez pas \u00e0 nous adresser vos demandes gr\u00e2ce \u00e0 ce formulaire de contact. \u00a0Nous vous r\u00e9pondrons dans les meilleurs d\u00e9lais. Nom Email Message ENVOYER<\/p>\n","protected":false},"author":1,"featured_media":0,"parent":0,"menu_order":0,"comment_status":"closed","ping_status":"closed","template":"elementor_canvas","meta":{"footnotes":""},"class_list":["post-15","page","type-page","status-publish","hentry"],"yoast_head":"<!-- This site is optimized with the Yoast SEO plugin v26.4 - https:\/\/yoast.com\/wordpress\/plugins\/seo\/ -->\n<title>Contact - WordPress<\/title>\n<meta name=\"robots\" content=\"index, follow, max-snippet:-1, max-image-preview:large, max-video-preview:-1\" \/>\n<link rel=\"canonical\" href=\"https:\/\/vegansfoodtruck.fr\/index.php\/contact\/\" \/>\n<meta property=\"og:locale\" content=\"en_US\" \/>\n<meta property=\"og:type\" content=\"article\" \/>\n<meta property=\"og:title\" content=\"Contact - WordPress\" \/>\n<meta property=\"og:description\" content=\"CONTACTER VEGAN&#8217;S FOOD TRUCK N\u2019h\u00e9sitez pas \u00e0 nous adresser vos demandes gr\u00e2ce \u00e0 ce formulaire de contact. \u00a0Nous vous r\u00e9pondrons dans les meilleurs d\u00e9lais. Nom Email Message ENVOYER\" \/>\n<meta property=\"og:url\" content=\"https:\/\/vegansfoodtruck.fr\/index.php\/contact\/\" \/>\n<meta property=\"og:site_name\" content=\"WordPress\" \/>\n<meta property=\"article:modified_time\" content=\"2025-03-25T09:50:55+00:00\" \/>\n<meta property=\"og:image\" content=\"http:\/\/vegansfoodtruck.fr\/wp-content\/uploads\/2025\/03\/view-delicious-shawarma-dish-scaled.jpg\" \/>\n<meta name=\"twitter:card\" content=\"summary_large_image\" \/>\n<script type=\"application\/ld+json\" class=\"yoast-schema-graph\">{\"@context\":\"https:\/\/schema.org\",\"@graph\":[{\"@type\":\"WebPage\",\"@id\":\"https:\/\/vegansfoodtruck.fr\/index.php\/contact\/\",\"url\":\"https:\/\/vegansfoodtruck.fr\/index.php\/contact\/\",\"name\":\"Contact - WordPress\",\"isPartOf\":{\"@id\":\"https:\/\/vegansfoodtruck.fr\/#website\"},\"primaryImageOfPage\":{\"@id\":\"https:\/\/vegansfoodtruck.fr\/index.php\/contact\/#primaryimage\"},\"image\":{\"@id\":\"https:\/\/vegansfoodtruck.fr\/index.php\/contact\/#primaryimage\"},\"thumbnailUrl\":\"http:\/\/vegansfoodtruck.fr\/wp-content\/uploads\/2025\/03\/view-delicious-shawarma-dish-scaled.jpg\",\"datePublished\":\"2025-02-06T08:51:08+00:00\",\"dateModified\":\"2025-03-25T09:50:55+00:00\",\"breadcrumb\":{\"@id\":\"https:\/\/vegansfoodtruck.fr\/index.php\/contact\/#breadcrumb\"},\"inLanguage\":\"en-US\",\"potentialAction\":[{\"@type\":\"ReadAction\",\"target\":[\"https:\/\/vegansfoodtruck.fr\/index.php\/contact\/\"]}]},{\"@type\":\"ImageObject\",\"inLanguage\":\"en-US\",\"@id\":\"https:\/\/vegansfoodtruck.fr\/index.php\/contact\/#primaryimage\",\"url\":\"https:\/\/vegansfoodtruck.fr\/wp-content\/uploads\/2025\/03\/view-delicious-shawarma-dish-scaled.jpg\",\"contentUrl\":\"https:\/\/vegansfoodtruck.fr\/wp-content\/uploads\/2025\/03\/view-delicious-shawarma-dish-scaled.jpg\",\"width\":1435,\"height\":2560},{\"@type\":\"BreadcrumbList\",\"@id\":\"https:\/\/vegansfoodtruck.fr\/index.php\/contact\/#breadcrumb\",\"itemListElement\":[{\"@type\":\"ListItem\",\"position\":1,\"name\":\"Accueil\",\"item\":\"https:\/\/vegansfoodtruck.fr\/\"},{\"@type\":\"ListItem\",\"position\":2,\"name\":\"Contact\"}]},{\"@type\":\"WebSite\",\"@id\":\"https:\/\/vegansfoodtruck.fr\/#website\",\"url\":\"https:\/\/vegansfoodtruck.fr\/\",\"name\":\"WordPress\",\"description\":\"Un site utilisant WordPress\",\"potentialAction\":[{\"@type\":\"SearchAction\",\"target\":{\"@type\":\"EntryPoint\",\"urlTemplate\":\"https:\/\/vegansfoodtruck.fr\/?s={search_term_string}\"},\"query-input\":{\"@type\":\"PropertyValueSpecification\",\"valueRequired\":true,\"valueName\":\"search_term_string\"}}],\"inLanguage\":\"en-US\"}]}<\/script>\n<!-- \/ Yoast SEO plugin. -->","yoast_head_json":{"title":"Contact - WordPress","robots":{"index":"index","follow":"follow","max-snippet":"max-snippet:-1","max-image-preview":"max-image-preview:large","max-video-preview":"max-video-preview:-1"},"canonical":"https:\/\/vegansfoodtruck.fr\/index.php\/contact\/","og_locale":"en_US","og_type":"article","og_title":"Contact - WordPress","og_description":"CONTACTER VEGAN&#8217;S FOOD TRUCK N\u2019h\u00e9sitez pas \u00e0 nous adresser vos demandes gr\u00e2ce \u00e0 ce formulaire de contact. \u00a0Nous vous r\u00e9pondrons dans les meilleurs d\u00e9lais. Nom Email Message ENVOYER","og_url":"https:\/\/vegansfoodtruck.fr\/index.php\/contact\/","og_site_name":"WordPress","article_modified_time":"2025-03-25T09:50:55+00:00","og_image":[{"url":"http:\/\/vegansfoodtruck.fr\/wp-content\/uploads\/2025\/03\/view-delicious-shawarma-dish-scaled.jpg","type":"","width":"","height":""}],"twitter_card":"summary_large_image","schema":{"@context":"https:\/\/schema.org","@graph":[{"@type":"WebPage","@id":"https:\/\/vegansfoodtruck.fr\/index.php\/contact\/","url":"https:\/\/vegansfoodtruck.fr\/index.php\/contact\/","name":"Contact - WordPress","isPartOf":{"@id":"https:\/\/vegansfoodtruck.fr\/#website"},"primaryImageOfPage":{"@id":"https:\/\/vegansfoodtruck.fr\/index.php\/contact\/#primaryimage"},"image":{"@id":"https:\/\/vegansfoodtruck.fr\/index.php\/contact\/#primaryimage"},"thumbnailUrl":"http:\/\/vegansfoodtruck.fr\/wp-content\/uploads\/2025\/03\/view-delicious-shawarma-dish-scaled.jpg","datePublished":"2025-02-06T08:51:08+00:00","dateModified":"2025-03-25T09:50:55+00:00","breadcrumb":{"@id":"https:\/\/vegansfoodtruck.fr\/index.php\/contact\/#breadcrumb"},"inLanguage":"en-US","potentialAction":[{"@type":"ReadAction","target":["https:\/\/vegansfoodtruck.fr\/index.php\/contact\/"]}]},{"@type":"ImageObject","inLanguage":"en-US","@id":"https:\/\/vegansfoodtruck.fr\/index.php\/contact\/#primaryimage","url":"https:\/\/vegansfoodtruck.fr\/wp-content\/uploads\/2025\/03\/view-delicious-shawarma-dish-scaled.jpg","contentUrl":"https:\/\/vegansfoodtruck.fr\/wp-content\/uploads\/2025\/03\/view-delicious-shawarma-dish-scaled.jpg","width":1435,"height":2560},{"@type":"BreadcrumbList","@id":"https:\/\/vegansfoodtruck.fr\/index.php\/contact\/#breadcrumb","itemListElement":[{"@type":"ListItem","position":1,"name":"Accueil","item":"https:\/\/vegansfoodtruck.fr\/"},{"@type":"ListItem","position":2,"name":"Contact"}]},{"@type":"WebSite","@id":"https:\/\/vegansfoodtruck.fr\/#website","url":"https:\/\/vegansfoodtruck.fr\/","name":"WordPress","description":"Un site utilisant WordPress","potentialAction":[{"@type":"SearchAction","target":{"@type":"EntryPoint","urlTemplate":"https:\/\/vegansfoodtruck.fr\/?s={search_term_string}"},"query-input":{"@type":"PropertyValueSpecification","valueRequired":true,"valueName":"search_term_string"}}],"inLanguage":"en-US"}]}},"_links":{"self":[{"href":"https:\/\/vegansfoodtruck.fr\/index.php\/wp-json\/wp\/v2\/pages\/15","targetHints":{"allow":["GET"]}}],"collection":[{"href":"https:\/\/vegansfoodtruck.fr\/index.php\/wp-json\/wp\/v2\/pages"}],"about":[{"href":"https:\/\/vegansfoodtruck.fr\/index.php\/wp-json\/wp\/v2\/types\/page"}],"author":[{"embeddable":true,"href":"https:\/\/vegansfoodtruck.fr\/index.php\/wp-json\/wp\/v2\/users\/1"}],"replies":[{"embeddable":true,"href":"https:\/\/vegansfoodtruck.fr\/index.php\/wp-json\/wp\/v2\/comments?post=15"}],"version-history":[{"count":26,"href":"https:\/\/vegansfoodtruck.fr\/index.php\/wp-json\/wp\/v2\/pages\/15\/revisions"}],"predecessor-version":[{"id":554,"href":"https:\/\/vegansfoodtruck.fr\/index.php\/wp-json\/wp\/v2\/pages\/15\/revisions\/554"}],"wp:attachment":[{"href":"https:\/\/vegansfoodtruck.fr\/index.php\/wp-json\/wp\/v2\/media?parent=15"}],"curies":[{"name":"wp","href":"https:\/\/api.w.org\/{rel}","templated":true}]}}