{"id":6,"date":"2025-02-06T09:50:51","date_gmt":"2025-02-06T08:50:51","guid":{"rendered":"https:\/\/vegansfoodtruck.fr\/?page_id=6"},"modified":"2025-11-20T19:11:52","modified_gmt":"2025-11-20T18:11:52","slug":"accueil","status":"publish","type":"page","link":"https:\/\/vegansfoodtruck.fr\/","title":{"rendered":"ACCUEIL"},"content":{"rendered":"\t\t<div data-elementor-type=\"wp-page\" data-elementor-id=\"6\" class=\"elementor elementor-6\">\n\t\t\t\t<div class=\"elementor-element elementor-element-f51736f e-con-full e-flex wpr-particle-no wpr-jarallax-no wpr-parallax-no wpr-sticky-section-no e-con e-parent\" data-id=\"f51736f\" data-element_type=\"container\" data-settings=\"{&quot;background_background&quot;:&quot;classic&quot;}\">\n\t\t\t\t<div class=\"elementor-element elementor-element-c19e9be elementor-widget elementor-widget-heading\" data-id=\"c19e9be\" data-element_type=\"widget\" data-widget_type=\"heading.default\">\n\t\t\t\t<div class=\"elementor-widget-container\">\n\t\t\t\t\t<h1 class=\"elementor-heading-title elementor-size-default\">Food truck vegan \u00e9v\u00e9nementiel dans le Sud-Ouest<\/h1>\t\t\t\t<\/div>\n\t\t\t\t<\/div>\n\t\t\t\t<div class=\"elementor-element elementor-element-ba29199 elementor-widget elementor-widget-text-editor\" data-id=\"ba29199\" data-element_type=\"widget\" data-widget_type=\"text-editor.default\">\n\t\t\t\t<div class=\"elementor-widget-container\">\n\t\t\t\t\t\t\t\t\t<p style=\"text-align: center;\">Cuisine 100% v\u00e9g\u00e9tale, bio, locale et gourmande<\/p>\t\t\t\t\t\t\t\t<\/div>\n\t\t\t\t<\/div>\n\t\t\t\t<\/div>\n\t\t<div class=\"elementor-element elementor-element-bb35afd e-flex e-con-boxed wpr-particle-no wpr-jarallax-no wpr-parallax-no wpr-sticky-section-no e-con e-parent\" data-id=\"bb35afd\" data-element_type=\"container\">\n\t\t\t\t\t<div class=\"e-con-inner\">\n\t\t\t\t<div class=\"elementor-element elementor-element-87a083d elementor-widget elementor-widget-heading\" data-id=\"87a083d\" data-element_type=\"widget\" data-widget_type=\"heading.default\">\n\t\t\t\t<div class=\"elementor-widget-container\">\n\t\t\t\t\t<h2 class=\"elementor-heading-title elementor-size-default\">Pour vos \u00e9v\u00e9nements festifs, culturels &amp; professionnels<\/h2>\t\t\t\t<\/div>\n\t\t\t\t<\/div>\n\t\t\t\t<div class=\"elementor-element elementor-element-6efeb32 elementor-widget elementor-widget-text-editor\" data-id=\"6efeb32\" data-element_type=\"widget\" data-widget_type=\"text-editor.default\">\n\t\t\t\t<div class=\"elementor-widget-container\">\n\t\t\t\t\t\t\t\t\t<p>\u00a0Votre <strong data-start=\"203\" data-end=\"236\">food truck vegan \u00e9v\u00e9nementiel<\/strong>, propose une cuisine 100% v\u00e9g\u00e9tale, gourmande et <strong>\u00e9thique<\/strong>, id\u00e9ale pour tous vos <strong>\u00e9v\u00e9nements<\/strong> <strong>festifs et\u00a0culturels<\/strong>. Pr\u00e9sents sur les festivals, salons professionnels, concerts, nous offrons une exp\u00e9rience culinaire savoureuse, \u00e9co responsable et engag\u00e9e, qui ravira tous les publics.<\/p>\t\t\t\t\t\t\t\t<\/div>\n\t\t\t\t<\/div>\n\t\t\t\t\t<\/div>\n\t\t\t\t<\/div>\n\t\t<div class=\"elementor-element elementor-element-3aaf899 e-flex e-con-boxed wpr-particle-no wpr-jarallax-no wpr-parallax-no wpr-sticky-section-no e-con e-parent\" data-id=\"3aaf899\" data-element_type=\"container\">\n\t\t\t\t\t<div class=\"e-con-inner\">\n\t\t<div class=\"elementor-element elementor-element-a39318e e-con-full e-flex wpr-particle-no wpr-jarallax-no wpr-parallax-no wpr-sticky-section-no e-con e-child\" data-id=\"a39318e\" data-element_type=\"container\">\n\t\t\t\t<div class=\"elementor-element elementor-element-8af11e8 elementor-widget elementor-widget-image\" data-id=\"8af11e8\" data-element_type=\"widget\" data-widget_type=\"image.default\">\n\t\t\t\t<div class=\"elementor-widget-container\">\n\t\t\t\t\t\t\t\t\t\t\t\t\t\t\t<img fetchpriority=\"high\" decoding=\"async\" width=\"800\" height=\"429\" src=\"https:\/\/vegansfoodtruck.fr\/wp-content\/uploads\/2025\/04\/PXL_20250405_190735509.MP_-e1744707833206-1024x549.jpg\" class=\"attachment-large size-large wp-image-555\" alt=\"\" srcset=\"https:\/\/vegansfoodtruck.fr\/wp-content\/uploads\/2025\/04\/PXL_20250405_190735509.MP_-e1744707833206-1024x549.jpg 1024w, https:\/\/vegansfoodtruck.fr\/wp-content\/uploads\/2025\/04\/PXL_20250405_190735509.MP_-e1744707833206-300x161.jpg 300w, https:\/\/vegansfoodtruck.fr\/wp-content\/uploads\/2025\/04\/PXL_20250405_190735509.MP_-e1744707833206-768x412.jpg 768w, https:\/\/vegansfoodtruck.fr\/wp-content\/uploads\/2025\/04\/PXL_20250405_190735509.MP_-e1744707833206-1536x824.jpg 1536w, https:\/\/vegansfoodtruck.fr\/wp-content\/uploads\/2025\/04\/PXL_20250405_190735509.MP_-e1744707833206.jpg 1920w\" sizes=\"(max-width: 800px) 100vw, 800px\" \/>\t\t\t\t\t\t\t\t\t\t\t\t\t\t\t<\/div>\n\t\t\t\t<\/div>\n\t\t\t\t<div class=\"elementor-element elementor-element-76586ce elementor-widget elementor-widget-heading\" data-id=\"76586ce\" data-element_type=\"widget\" data-widget_type=\"heading.default\">\n\t\t\t\t<div class=\"elementor-widget-container\">\n\t\t\t\t\t<h2 class=\"elementor-heading-title elementor-size-default\">Festivals &amp; concerts<\/h2>\t\t\t\t<\/div>\n\t\t\t\t<\/div>\n\t\t\t\t<div class=\"elementor-element elementor-element-4711ed2 elementor-widget elementor-widget-text-editor\" data-id=\"4711ed2\" data-element_type=\"widget\" data-widget_type=\"text-editor.default\">\n\t\t\t\t<div class=\"elementor-widget-container\">\n\t\t\t\t\t\t\t\t\t<p>Une\u00a0 cuisine vegan originale et adapt\u00e9e aux attentes des festivaliers<\/p>\t\t\t\t\t\t\t\t<\/div>\n\t\t\t\t<\/div>\n\t\t\t\t<\/div>\n\t\t<div class=\"elementor-element elementor-element-73412b4 e-con-full e-flex wpr-particle-no wpr-jarallax-no wpr-parallax-no wpr-sticky-section-no e-con e-child\" data-id=\"73412b4\" data-element_type=\"container\">\n\t\t\t\t<div class=\"elementor-element elementor-element-cc6feab elementor-widget elementor-widget-image\" data-id=\"cc6feab\" data-element_type=\"widget\" data-widget_type=\"image.default\">\n\t\t\t\t<div class=\"elementor-widget-container\">\n\t\t\t\t\t\t\t\t\t\t\t\t\t\t\t<img decoding=\"async\" src=\"https:\/\/vegansfoodtruck.fr\/wp-content\/uploads\/2025\/11\/PXL_20250905_183956995.MP3-scaled.jpg\" title=\"PXL_20250905_183956995.MP~3\" alt=\"PXL_20250905_183956995.MP~3\" loading=\"lazy\" \/>\t\t\t\t\t\t\t\t\t\t\t\t\t\t\t<\/div>\n\t\t\t\t<\/div>\n\t\t\t\t<div class=\"elementor-element elementor-element-850bd03 elementor-widget elementor-widget-heading\" data-id=\"850bd03\" data-element_type=\"widget\" data-widget_type=\"heading.default\">\n\t\t\t\t<div class=\"elementor-widget-container\">\n\t\t\t\t\t<h2 class=\"elementor-heading-title elementor-size-default\">\u00c9v\u00e9nements culturels<\/h2>\t\t\t\t<\/div>\n\t\t\t\t<\/div>\n\t\t\t\t<div class=\"elementor-element elementor-element-10b4a19 elementor-widget elementor-widget-text-editor\" data-id=\"10b4a19\" data-element_type=\"widget\" data-widget_type=\"text-editor.default\">\n\t\t\t\t<div class=\"elementor-widget-container\">\n\t\t\t\t\t\t\t\t\t<p>Une offre de restauration cr\u00e9ative et adapt\u00e9e \u00e0 tous les publics<\/p>\t\t\t\t\t\t\t\t<\/div>\n\t\t\t\t<\/div>\n\t\t\t\t<\/div>\n\t\t<div class=\"elementor-element elementor-element-8965c19 e-con-full e-flex wpr-particle-no wpr-jarallax-no wpr-parallax-no wpr-sticky-section-no e-con e-child\" data-id=\"8965c19\" data-element_type=\"container\">\n\t\t\t\t<div class=\"elementor-element elementor-element-7c08d3c elementor-widget elementor-widget-image\" data-id=\"7c08d3c\" data-element_type=\"widget\" data-widget_type=\"image.default\">\n\t\t\t\t<div class=\"elementor-widget-container\">\n\t\t\t\t\t\t\t\t\t\t\t\t\t\t\t<img decoding=\"async\" width=\"800\" height=\"450\" src=\"https:\/\/vegansfoodtruck.fr\/wp-content\/uploads\/2025\/02\/PXL_20250216_163421984.PORTRAIT2-scaled-e1739870259228-1024x576.jpg\" class=\"attachment-large size-large wp-image-139\" alt=\"\" srcset=\"https:\/\/vegansfoodtruck.fr\/wp-content\/uploads\/2025\/02\/PXL_20250216_163421984.PORTRAIT2-scaled-e1739870259228-1024x576.jpg 1024w, https:\/\/vegansfoodtruck.fr\/wp-content\/uploads\/2025\/02\/PXL_20250216_163421984.PORTRAIT2-scaled-e1739870259228-300x169.jpg 300w, https:\/\/vegansfoodtruck.fr\/wp-content\/uploads\/2025\/02\/PXL_20250216_163421984.PORTRAIT2-scaled-e1739870259228-768x432.jpg 768w, https:\/\/vegansfoodtruck.fr\/wp-content\/uploads\/2025\/02\/PXL_20250216_163421984.PORTRAIT2-scaled-e1739870259228-1536x863.jpg 1536w, https:\/\/vegansfoodtruck.fr\/wp-content\/uploads\/2025\/02\/PXL_20250216_163421984.PORTRAIT2-scaled-e1739870259228-2048x1151.jpg 2048w\" sizes=\"(max-width: 800px) 100vw, 800px\" \/>\t\t\t\t\t\t\t\t\t\t\t\t\t\t\t<\/div>\n\t\t\t\t<\/div>\n\t\t\t\t<div class=\"elementor-element elementor-element-3b3e8f7 elementor-widget elementor-widget-heading\" data-id=\"3b3e8f7\" data-element_type=\"widget\" data-widget_type=\"heading.default\">\n\t\t\t\t<div class=\"elementor-widget-container\">\n\t\t\t\t\t<h2 class=\"elementor-heading-title elementor-size-default\">Salons  professionnels<\/h2>\t\t\t\t<\/div>\n\t\t\t\t<\/div>\n\t\t\t\t<div class=\"elementor-element elementor-element-b2166d4 elementor-widget elementor-widget-text-editor\" data-id=\"b2166d4\" data-element_type=\"widget\" data-widget_type=\"text-editor.default\">\n\t\t\t\t<div class=\"elementor-widget-container\">\n\t\t\t\t\t\t\t\t\t<p data-start=\"544\" data-end=\"827\">S\u00e9minaires, salons et repas d\u2019entreprise, une offre sur-mesure<\/p><p data-start=\"829\" data-end=\"951\">\u00a0<\/p>\t\t\t\t\t\t\t\t<\/div>\n\t\t\t\t<\/div>\n\t\t\t\t<\/div>\n\t\t\t\t\t<\/div>\n\t\t\t\t<\/div>\n\t\t<div class=\"elementor-element elementor-element-22fa32d e-flex e-con-boxed wpr-particle-no wpr-jarallax-no wpr-parallax-no wpr-sticky-section-no e-con e-parent\" data-id=\"22fa32d\" data-element_type=\"container\">\n\t\t\t\t\t<div class=\"e-con-inner\">\n\t\t\t\t<div class=\"elementor-element elementor-element-09aab8f elementor-invisible elementor-widget elementor-widget-heading\" data-id=\"09aab8f\" data-element_type=\"widget\" data-settings=\"{&quot;_animation&quot;:&quot;bounceIn&quot;}\" data-widget_type=\"heading.default\">\n\t\t\t\t<div class=\"elementor-widget-container\">\n\t\t\t\t\t<h2 class=\"elementor-heading-title elementor-size-default\">Le v\u00e9g\u00e9tal s'invite \u00e0 la f\u00eate !<\/h2>\t\t\t\t<\/div>\n\t\t\t\t<\/div>\n\t\t\t\t<div class=\"elementor-element elementor-element-76e27e6 elementor-widget elementor-widget-text-editor\" data-id=\"76e27e6\" data-element_type=\"widget\" data-widget_type=\"text-editor.default\">\n\t\t\t\t<div class=\"elementor-widget-container\">\n\t\t\t\t\t\t\t\t\t<p>Notre approche : d\u00e9velopper des recettes go\u00fbteuses et 100 % v\u00e9g\u00e9.<br data-start=\"218\" data-end=\"221\" \/>Nous r\u00e9inventons les recettes les plus appr\u00e9ci\u00e9es de la street food et de la cuisine fran\u00e7aise, sans concession sur la gourmandise dans le respect des textures pour un maximum de plaisir.<\/p>\t\t\t\t\t\t\t\t<\/div>\n\t\t\t\t<\/div>\n\t\t\t\t<div class=\"elementor-element elementor-element-e03718d wpr-adv-slider-columns-1 wpr-adv-slider-columns--tablet1 wpr-adv-slider-columns--mobile1 wpr-adv-slides-to-scroll-1 wpr-slider-dots-horizontal elementor-widget elementor-widget-wpr-advanced-slider\" data-id=\"e03718d\" data-element_type=\"widget\" data-settings=\"{&quot;slider_amount&quot;:1,&quot;slider_amount_tablet&quot;:1,&quot;slider_amount_mobile&quot;:1,&quot;slides_to_scroll&quot;:1,&quot;slider_loop&quot;:&quot;yes&quot;,&quot;slider_hide_video_content&quot;:&quot;yes&quot;,&quot;slider_video_btn_size&quot;:&quot;medium&quot;}\" data-widget_type=\"wpr-advanced-slider.default\">\n\t\t\t\t<div class=\"elementor-widget-container\">\n\t\t\t\t\t\n\t\t<!-- Advanced Slider -->\n\t\t<div class=\"wpr-advanced-slider-wrap\">\n\t\t\t\n\t\t\t<div class=\"wpr-advanced-slider\" dir=\"ltr\" data-slick=\"{&quot;rtl&quot;:false,&quot;infinite&quot;:true,&quot;speed&quot;:700,&quot;arrows&quot;:true,&quot;dots&quot;:true,&quot;autoplay&quot;:false,&quot;autoplaySpeed&quot;:1000,&quot;pauseOnHover&quot;:&quot;&quot;,&quot;prevArrow&quot;:&quot;#wpr-slider-prev-e03718d&quot;,&quot;nextArrow&quot;:&quot;#wpr-slider-next-e03718d&quot;,&quot;vertical&quot;:false,&quot;adaptiveHeight&quot;:true}\" data-hide-video-content=\"yes\" data-video-btn-size=\"{&quot;widescreen&quot;:&quot;medium&quot;,&quot;desktop&quot;:&quot;medium&quot;,&quot;laptop&quot;:&quot;medium&quot;,&quot;tablet_extra&quot;:&quot;medium&quot;,&quot;tablet&quot;:&quot;medium&quot;,&quot;mobile_extra&quot;:&quot;medium&quot;,&quot;mobile&quot;:&quot;medium&quot;}\" data-slide-effect=\"slide\">\n\t\t\t\t<div class=\"wpr-slider-item elementor-repeater-item-0a7734a\"><div class=\"wpr-slider-item-bg \" style=\"background-image: url(https:\/\/vegansfoodtruck.fr\/wp-content\/uploads\/2025\/02\/PXL_20250217_102620541-scaled.jpg)\"><\/div><div class=\"wpr-slider-item-overlay\"><\/div><div class=\"wpr-cv-container\"><div class=\"wpr-cv-outer\"><div class=\"wpr-cv-inner\"><div class=\"wpr-slider-content\"><div class=\"wpr-slider-title\"><h2>Wrap Chili Sin Carne<\/h2><\/div><div class=\"wpr-slider-description\"><p>Proteines de soja bio et locale<\/p><\/div><div class=\"wpr-slider-btns\"><div class=\"wpr-slider-primary-btn\" >Button 1<\/div><div class=\"wpr-slider-secondary-btn\" >Button 2<\/div><\/div><\/div><\/div><\/div><\/div><\/div><div class=\"wpr-slider-item elementor-repeater-item-2e63575\"><div class=\"wpr-slider-item-bg \" style=\"background-image: url(https:\/\/vegansfoodtruck.fr\/wp-content\/uploads\/2025\/02\/PXL_20250216_155950352.PORTRAIT-scaled.jpg)\"><\/div><div class=\"wpr-slider-item-overlay\"><\/div><div class=\"wpr-cv-container\"><div class=\"wpr-cv-outer\"><div class=\"wpr-cv-inner\"><div class=\"wpr-slider-content\"><div class=\"wpr-slider-title\"><h2>Mousse au chocolat<\/h2><\/div><div class=\"wpr-slider-description\"><p>Aquafaba de pois chiches <\/p><\/div><div class=\"wpr-slider-btns\"><div class=\"wpr-slider-primary-btn\" >Button 1<\/div><div class=\"wpr-slider-secondary-btn\" >Button 2<\/div><\/div><\/div><\/div><\/div><\/div><\/div><div class=\"wpr-slider-item elementor-repeater-item-9371daf\"><div class=\"wpr-slider-item-bg \" style=\"background-image: url(https:\/\/vegansfoodtruck.fr\/wp-content\/uploads\/2025\/02\/PXL_20250216_161247738.PORTRAIT-scaled.jpg)\"><\/div><div class=\"wpr-slider-item-overlay\"><\/div><div class=\"wpr-cv-container\"><div class=\"wpr-cv-outer\"><div class=\"wpr-cv-inner\"><div class=\"wpr-slider-content\"><div class=\"wpr-slider-title\"><h2>Tarte au Citron<\/h2><\/div><div class=\"wpr-slider-description\"><p>Cr\u00e9me Patissi\u00e8re au Tofu Soyeux<\/p><\/div><div class=\"wpr-slider-btns\"><div class=\"wpr-slider-primary-btn\" >Button 1<\/div><div class=\"wpr-slider-secondary-btn\" >Button 2<\/div><\/div><\/div><\/div><\/div><\/div><\/div><div class=\"wpr-slider-item elementor-repeater-item-a9341c4\"><div class=\"wpr-slider-item-bg \" style=\"background-image: url(https:\/\/vegansfoodtruck.fr\/wp-content\/uploads\/2025\/02\/PXL_20250216_163421984.PORTRAIT2-scaled-e1739870259228.jpg)\"><\/div><div class=\"wpr-slider-item-overlay\"><\/div><div class=\"wpr-cv-container\"><div class=\"wpr-cv-outer\"><div class=\"wpr-cv-inner\"><div class=\"wpr-slider-content\"><div class=\"wpr-slider-title\"><h2>Assiette Falafels<\/h2><\/div><div class=\"wpr-slider-description\"><p>Pois chiches et f\u00e9ves<\/p><\/div><div class=\"wpr-slider-btns\"><div class=\"wpr-slider-primary-btn\" >Button 1<\/div><div class=\"wpr-slider-secondary-btn\" >Button 2<\/div><\/div><\/div><\/div><\/div><\/div><\/div>\t\t\t<\/div>\n\t\t\t<div class=\"wpr-slider-controls\">\n\t\t\t\t<div class=\"wpr-slider-dots\"><\/div>\n\t\t\t<\/div>\n\n\t\t\t<div class=\"wpr-slider-arrow-container\">\n\t\t\t\t<div class=\"wpr-slider-prev-arrow wpr-slider-arrow\" id=\"wpr-slider-prev-e03718d\">\n\t\t\t\t\t<svg version=\"1.1\" xmlns=\"http:\/\/www.w3.org\/2000\/svg\" xmlns:xlink=\"http:\/\/www.w3.org\/1999\/xlink\" x=\"0px\" y=\"0px\" viewBox=\"0 0 283.4 512\" style=\"enable-background:new 0 0 283.4 512;\" xml:space=\"preserve\"><g><polygon class=\"st0\" points=\"54.5,256.3 283.4,485.1 256.1,512.5 0,256.3 0,256.3 27.2,229 256.1,0 283.4,27.4 \"\/><\/g><\/svg>\t\t\t\t<\/div>\n\t\t\t\t<div class=\"wpr-slider-next-arrow wpr-slider-arrow\" id=\"wpr-slider-next-e03718d\">\n\t\t\t\t\t<svg version=\"1.1\" xmlns=\"http:\/\/www.w3.org\/2000\/svg\" xmlns:xlink=\"http:\/\/www.w3.org\/1999\/xlink\" x=\"0px\" y=\"0px\" viewBox=\"0 0 283.4 512\" style=\"enable-background:new 0 0 283.4 512;\" xml:space=\"preserve\"><g><polygon class=\"st0\" points=\"54.5,256.3 283.4,485.1 256.1,512.5 0,256.3 0,256.3 27.2,229 256.1,0 283.4,27.4 \"\/><\/g><\/svg>\t\t\t\t<\/div>\n\t\t\t<\/div>\n\t\t\t\n\t\t\t\n\t\t<\/div>\n\t\t\t\t\t\t<\/div>\n\t\t\t\t<\/div>\n\t\t\t\t\t<\/div>\n\t\t\t\t<\/div>\n\t\t\t\t<\/div>\n\t\t","protected":false},"excerpt":{"rendered":"<p>Food truck vegan \u00e9v\u00e9nementiel dans le Sud-Ouest Cuisine 100% v\u00e9g\u00e9tale, bio, locale et gourmande Pour vos \u00e9v\u00e9nements festifs, culturels &amp; professionnels \u00a0Votre food truck vegan \u00e9v\u00e9nementiel, propose une cuisine 100% v\u00e9g\u00e9tale, gourmande et \u00e9thique, id\u00e9ale pour tous vos \u00e9v\u00e9nements festifs et\u00a0culturels. Pr\u00e9sents sur les festivals, salons professionnels, concerts, nous offrons une exp\u00e9rience culinaire savoureuse, \u00e9co responsable et engag\u00e9e, qui ravira tous les publics. Festivals &amp; concerts Une\u00a0 cuisine vegan originale et adapt\u00e9e aux attentes des festivaliers \u00c9v\u00e9nements culturels Une offre de restauration cr\u00e9ative et adapt\u00e9e \u00e0 tous les publics Salons professionnels S\u00e9minaires, salons et repas d\u2019entreprise, une offre sur-mesure \u00a0 Le v\u00e9g\u00e9tal s&#8217;invite \u00e0 la f\u00eate ! Notre approche : d\u00e9velopper des recettes go\u00fbteuses et 100 % v\u00e9g\u00e9.Nous r\u00e9inventons les recettes les plus appr\u00e9ci\u00e9es de la street food et de la cuisine fran\u00e7aise, sans concession sur la gourmandise dans le respect des textures pour un maximum de plaisir. Wrap Chili Sin Carne Proteines de soja bio et locale Button 1Button 2 Mousse au chocolat Aquafaba de pois chiches Button 1Button 2 Tarte au Citron Cr\u00e9me Patissi\u00e8re au Tofu Soyeux Button 1Button 2 Assiette Falafels Pois chiches et f\u00e9ves Button 1Button 2<\/p>\n","protected":false},"author":1,"featured_media":0,"parent":0,"menu_order":0,"comment_status":"closed","ping_status":"closed","template":"elementor_canvas","meta":{"footnotes":""},"class_list":["post-6","page","type-page","status-publish","hentry"],"yoast_head":"<!-- This site is optimized with the Yoast SEO plugin v26.4 - https:\/\/yoast.com\/wordpress\/plugins\/seo\/ -->\n<title>Cuisine vegan | Food Truck Vegan \u00e9v\u00e9nementiel dans le sud ouest<\/title>\n<meta name=\"description\" content=\"Food Truck Vegan \u00e9v\u00e9nementiel dans le sud ouest. Cuisine 100% v\u00e9g\u00e9tale, bio et locale pour festivals, salons professionnels.\" \/>\n<meta name=\"robots\" content=\"index, follow, max-snippet:-1, max-image-preview:large, max-video-preview:-1\" \/>\n<link rel=\"canonical\" href=\"https:\/\/vegansfoodtruck.fr\/\" \/>\n<meta property=\"og:locale\" content=\"en_US\" \/>\n<meta property=\"og:type\" content=\"article\" \/>\n<meta property=\"og:title\" content=\"Cuisine vegan | Food Truck Vegan \u00e9v\u00e9nementiel dans le sud ouest\" \/>\n<meta property=\"og:description\" content=\"Food Truck Vegan \u00e9v\u00e9nementiel dans le sud ouest. Cuisine 100% v\u00e9g\u00e9tale, bio et locale pour festivals, salons professionnels.\" \/>\n<meta property=\"og:url\" content=\"https:\/\/vegansfoodtruck.fr\/\" \/>\n<meta property=\"og:site_name\" content=\"WordPress\" \/>\n<meta property=\"article:modified_time\" content=\"2025-11-20T18:11:52+00:00\" \/>\n<meta property=\"og:image\" content=\"https:\/\/vegansfoodtruck.fr\/wp-content\/uploads\/2025\/04\/PXL_20250405_190735509.MP_-e1744707833206.jpg\" \/>\n\t<meta property=\"og:image:width\" content=\"1920\" \/>\n\t<meta property=\"og:image:height\" content=\"1030\" \/>\n\t<meta property=\"og:image:type\" content=\"image\/jpeg\" \/>\n<meta name=\"twitter:card\" content=\"summary_large_image\" \/>\n<meta name=\"twitter:label1\" content=\"Est. reading time\" \/>\n\t<meta name=\"twitter:data1\" content=\"2 minutes\" \/>\n<script type=\"application\/ld+json\" class=\"yoast-schema-graph\">{\"@context\":\"https:\/\/schema.org\",\"@graph\":[{\"@type\":\"WebPage\",\"@id\":\"https:\/\/vegansfoodtruck.fr\/\",\"url\":\"https:\/\/vegansfoodtruck.fr\/\",\"name\":\"Cuisine vegan | Food Truck Vegan \u00e9v\u00e9nementiel dans le sud ouest\",\"isPartOf\":{\"@id\":\"https:\/\/vegansfoodtruck.fr\/#website\"},\"primaryImageOfPage\":{\"@id\":\"https:\/\/vegansfoodtruck.fr\/#primaryimage\"},\"image\":{\"@id\":\"https:\/\/vegansfoodtruck.fr\/#primaryimage\"},\"thumbnailUrl\":\"http:\/\/vegansfoodtruck.fr\/wp-content\/uploads\/2025\/04\/PXL_20250405_190735509.MP_-e1744707833206-1024x549.jpg\",\"datePublished\":\"2025-02-06T08:50:51+00:00\",\"dateModified\":\"2025-11-20T18:11:52+00:00\",\"description\":\"Food Truck Vegan \u00e9v\u00e9nementiel dans le sud ouest. Cuisine 100% v\u00e9g\u00e9tale, bio et locale pour festivals, salons professionnels.\",\"breadcrumb\":{\"@id\":\"https:\/\/vegansfoodtruck.fr\/#breadcrumb\"},\"inLanguage\":\"en-US\",\"potentialAction\":[{\"@type\":\"ReadAction\",\"target\":[\"https:\/\/vegansfoodtruck.fr\/\"]}]},{\"@type\":\"ImageObject\",\"inLanguage\":\"en-US\",\"@id\":\"https:\/\/vegansfoodtruck.fr\/#primaryimage\",\"url\":\"https:\/\/vegansfoodtruck.fr\/wp-content\/uploads\/2025\/04\/PXL_20250405_190735509.MP_-e1744707833206.jpg\",\"contentUrl\":\"https:\/\/vegansfoodtruck.fr\/wp-content\/uploads\/2025\/04\/PXL_20250405_190735509.MP_-e1744707833206.jpg\",\"width\":1920,\"height\":1030},{\"@type\":\"BreadcrumbList\",\"@id\":\"https:\/\/vegansfoodtruck.fr\/#breadcrumb\",\"itemListElement\":[{\"@type\":\"ListItem\",\"position\":1,\"name\":\"Accueil\",\"item\":\"https:\/\/vegansfoodtruck.fr\/\"},{\"@type\":\"ListItem\",\"position\":2,\"name\":\"ACCUEIL\"}]},{\"@type\":\"WebSite\",\"@id\":\"https:\/\/vegansfoodtruck.fr\/#website\",\"url\":\"https:\/\/vegansfoodtruck.fr\/\",\"name\":\"WordPress\",\"description\":\"Un site utilisant WordPress\",\"potentialAction\":[{\"@type\":\"SearchAction\",\"target\":{\"@type\":\"EntryPoint\",\"urlTemplate\":\"https:\/\/vegansfoodtruck.fr\/?s={search_term_string}\"},\"query-input\":{\"@type\":\"PropertyValueSpecification\",\"valueRequired\":true,\"valueName\":\"search_term_string\"}}],\"inLanguage\":\"en-US\"}]}<\/script>\n<!-- \/ Yoast SEO plugin. -->","yoast_head_json":{"title":"Cuisine vegan | Food Truck Vegan \u00e9v\u00e9nementiel dans le sud ouest","description":"Food Truck Vegan \u00e9v\u00e9nementiel dans le sud ouest. Cuisine 100% v\u00e9g\u00e9tale, bio et locale pour festivals, salons professionnels.","robots":{"index":"index","follow":"follow","max-snippet":"max-snippet:-1","max-image-preview":"max-image-preview:large","max-video-preview":"max-video-preview:-1"},"canonical":"https:\/\/vegansfoodtruck.fr\/","og_locale":"en_US","og_type":"article","og_title":"Cuisine vegan | Food Truck Vegan \u00e9v\u00e9nementiel dans le sud ouest","og_description":"Food Truck Vegan \u00e9v\u00e9nementiel dans le sud ouest. Cuisine 100% v\u00e9g\u00e9tale, bio et locale pour festivals, salons professionnels.","og_url":"https:\/\/vegansfoodtruck.fr\/","og_site_name":"WordPress","article_modified_time":"2025-11-20T18:11:52+00:00","og_image":[{"width":1920,"height":1030,"url":"https:\/\/vegansfoodtruck.fr\/wp-content\/uploads\/2025\/04\/PXL_20250405_190735509.MP_-e1744707833206.jpg","type":"image\/jpeg"}],"twitter_card":"summary_large_image","twitter_misc":{"Est. reading time":"2 minutes"},"schema":{"@context":"https:\/\/schema.org","@graph":[{"@type":"WebPage","@id":"https:\/\/vegansfoodtruck.fr\/","url":"https:\/\/vegansfoodtruck.fr\/","name":"Cuisine vegan | Food Truck Vegan \u00e9v\u00e9nementiel dans le sud ouest","isPartOf":{"@id":"https:\/\/vegansfoodtruck.fr\/#website"},"primaryImageOfPage":{"@id":"https:\/\/vegansfoodtruck.fr\/#primaryimage"},"image":{"@id":"https:\/\/vegansfoodtruck.fr\/#primaryimage"},"thumbnailUrl":"http:\/\/vegansfoodtruck.fr\/wp-content\/uploads\/2025\/04\/PXL_20250405_190735509.MP_-e1744707833206-1024x549.jpg","datePublished":"2025-02-06T08:50:51+00:00","dateModified":"2025-11-20T18:11:52+00:00","description":"Food Truck Vegan \u00e9v\u00e9nementiel dans le sud ouest. Cuisine 100% v\u00e9g\u00e9tale, bio et locale pour festivals, salons professionnels.","breadcrumb":{"@id":"https:\/\/vegansfoodtruck.fr\/#breadcrumb"},"inLanguage":"en-US","potentialAction":[{"@type":"ReadAction","target":["https:\/\/vegansfoodtruck.fr\/"]}]},{"@type":"ImageObject","inLanguage":"en-US","@id":"https:\/\/vegansfoodtruck.fr\/#primaryimage","url":"https:\/\/vegansfoodtruck.fr\/wp-content\/uploads\/2025\/04\/PXL_20250405_190735509.MP_-e1744707833206.jpg","contentUrl":"https:\/\/vegansfoodtruck.fr\/wp-content\/uploads\/2025\/04\/PXL_20250405_190735509.MP_-e1744707833206.jpg","width":1920,"height":1030},{"@type":"BreadcrumbList","@id":"https:\/\/vegansfoodtruck.fr\/#breadcrumb","itemListElement":[{"@type":"ListItem","position":1,"name":"Accueil","item":"https:\/\/vegansfoodtruck.fr\/"},{"@type":"ListItem","position":2,"name":"ACCUEIL"}]},{"@type":"WebSite","@id":"https:\/\/vegansfoodtruck.fr\/#website","url":"https:\/\/vegansfoodtruck.fr\/","name":"WordPress","description":"Un site utilisant WordPress","potentialAction":[{"@type":"SearchAction","target":{"@type":"EntryPoint","urlTemplate":"https:\/\/vegansfoodtruck.fr\/?s={search_term_string}"},"query-input":{"@type":"PropertyValueSpecification","valueRequired":true,"valueName":"search_term_string"}}],"inLanguage":"en-US"}]}},"_links":{"self":[{"href":"https:\/\/vegansfoodtruck.fr\/index.php\/wp-json\/wp\/v2\/pages\/6","targetHints":{"allow":["GET"]}}],"collection":[{"href":"https:\/\/vegansfoodtruck.fr\/index.php\/wp-json\/wp\/v2\/pages"}],"about":[{"href":"https:\/\/vegansfoodtruck.fr\/index.php\/wp-json\/wp\/v2\/types\/page"}],"author":[{"embeddable":true,"href":"https:\/\/vegansfoodtruck.fr\/index.php\/wp-json\/wp\/v2\/users\/1"}],"replies":[{"embeddable":true,"href":"https:\/\/vegansfoodtruck.fr\/index.php\/wp-json\/wp\/v2\/comments?post=6"}],"version-history":[{"count":157,"href":"https:\/\/vegansfoodtruck.fr\/index.php\/wp-json\/wp\/v2\/pages\/6\/revisions"}],"predecessor-version":[{"id":615,"href":"https:\/\/vegansfoodtruck.fr\/index.php\/wp-json\/wp\/v2\/pages\/6\/revisions\/615"}],"wp:attachment":[{"href":"https:\/\/vegansfoodtruck.fr\/index.php\/wp-json\/wp\/v2\/media?parent=6"}],"curies":[{"name":"wp","href":"https:\/\/api.w.org\/{rel}","templated":true}]}}